{"id":8,"date":"2024-07-15T16:57:25","date_gmt":"2024-07-15T14:57:25","guid":{"rendered":"https:\/\/mg-otterson.de\/fileadmin\/website7\/?page_id=8"},"modified":"2024-08-07T18:37:39","modified_gmt":"2024-08-07T16:37:39","slug":"home","status":"publish","type":"page","link":"https:\/\/mg-otterson.de\/fileadmin\/website7\/","title":{"rendered":"Home"},"content":{"rendered":"<div id=\"pl-8\"  class=\"panel-layout\" ><div id=\"pg-8-0\"  class=\"panel-grid panel-has-style\" ><div class=\"siteorigin-panels-stretch panel-row-style panel-row-style-for-8-0\" data-stretch-type=\"full-width-stretch\" ><div id=\"pgc-8-0-0\"  class=\"panel-grid-cell\" ><div id=\"panel-8-0-0-0\" class=\"widget_text so-panel widget widget_custom_html panel-first-child panel-last-child\" data-index=\"0\" ><div class=\"textwidget custom-html-widget\"><div class=\"start-pic\">\n<div class=\"start-wrap\">\n<h1>\nERNST - Foto\n<\/h1>\t\n<h2>\n20 a\u00f1os en el Matarranya\n<\/h2>\t\n<\/div>\n<\/div><\/div><\/div><\/div><\/div><\/div><div id=\"pg-8-1\"  class=\"panel-grid panel-has-style\" ><div class=\"siteorigin-panels-stretch panel-row-style panel-row-style-for-8-1\" data-stretch-type=\"full-width-stretch\" ><div id=\"pgc-8-1-0\"  class=\"panel-grid-cell\" ><div id=\"panel-8-1-0-0\" class=\"widget_text so-panel widget widget_custom_html panel-first-child panel-last-child\" data-index=\"1\" ><div class=\"textwidget custom-html-widget\"><div class=\"start-pic\">\n<div class=\"start-wrap\">\n<h1>\nERNST - Foto\n<\/h1>\t\n<h2>\n20 a\u00f1os en el Matarranya\n<\/h2>\t\n<\/div>\n<\/div><\/div><\/div><\/div><\/div><\/div><div id=\"pg-8-2\"  class=\"panel-grid panel-has-style\" ><div class=\"siteorigin-panels-stretch panel-row-style panel-row-style-for-8-2\" data-stretch-type=\"full-width-stretch\" ><div id=\"pgc-8-2-0\"  class=\"panel-grid-cell\" ><div id=\"panel-8-2-0-0\" class=\"widget_text so-panel widget widget_custom_html panel-first-child panel-last-child\" data-index=\"2\" ><div class=\"textwidget custom-html-widget\"><div class=\"start-pic\">\n<div class=\"start-wrap\">\n<h1>\nERNST - Foto\n<\/h1>\t\n<h2>\n20 a\u00f1os en el Matarranya\n<\/h2>\t\n<\/div>\n<\/div><\/div><\/div><\/div><\/div><\/div><\/div>","protected":false},"excerpt":{"rendered":"<p>ERNST &#8211; Foto 20 a\u00f1os en el Matarranya ERNST &#8211; Foto 20 a\u00f1os en el Matarranya ERNST &#8211; Foto 20 a\u00f1os en el Matarranya<\/p>\n","protected":false},"author":1,"featured_media":0,"parent":0,"menu_order":0,"comment_status":"closed","ping_status":"closed","template":"","meta":{"footnotes":""},"class_list":["post-8","page","type-page","status-publish","hentry"],"_links":{"self":[{"href":"https:\/\/mg-otterson.de\/fileadmin\/website7\/wp-json\/wp\/v2\/pages\/8","targetHints":{"allow":["GET"]}}],"collection":[{"href":"https:\/\/mg-otterson.de\/fileadmin\/website7\/wp-json\/wp\/v2\/pages"}],"about":[{"href":"https:\/\/mg-otterson.de\/fileadmin\/website7\/wp-json\/wp\/v2\/types\/page"}],"author":[{"embeddable":true,"href":"https:\/\/mg-otterson.de\/fileadmin\/website7\/wp-json\/wp\/v2\/users\/1"}],"replies":[{"embeddable":true,"href":"https:\/\/mg-otterson.de\/fileadmin\/website7\/wp-json\/wp\/v2\/comments?post=8"}],"version-history":[{"count":19,"href":"https:\/\/mg-otterson.de\/fileadmin\/website7\/wp-json\/wp\/v2\/pages\/8\/revisions"}],"predecessor-version":[{"id":491,"href":"https:\/\/mg-otterson.de\/fileadmin\/website7\/wp-json\/wp\/v2\/pages\/8\/revisions\/491"}],"wp:attachment":[{"href":"https:\/\/mg-otterson.de\/fileadmin\/website7\/wp-json\/wp\/v2\/media?parent=8"}],"curies":[{"name":"wp","href":"https:\/\/api.w.org\/{rel}","templated":true}]}}